{"id":740,"date":"2023-08-12T11:13:35","date_gmt":"2023-08-12T11:13:35","guid":{"rendered":"https:\/\/ceciliotorresarquitecto.es\/?page_id=740"},"modified":"2023-08-12T11:17:24","modified_gmt":"2023-08-12T11:17:24","slug":"aviso-legal","status":"publish","type":"page","link":"https:\/\/ceciliotorresarquitecto.es\/index.php\/aviso-legal\/","title":{"rendered":"Aviso Legal"},"content":{"rendered":"\t\t<div data-elementor-type=\"wp-page\" data-elementor-id=\"740\" class=\"elementor elementor-740\" data-elementor-post-type=\"page\">\n\t\t\t\t<div class=\"elementor-element elementor-element-fd32f23 e-flex e-con-boxed e-con e-parent\" data-id=\"fd32f23\" data-element_type=\"container\" data-e-type=\"container\" data-settings=\"{&quot;jet_parallax_layout_list&quot;:[]}\">\n\t\t\t\t\t<div class=\"e-con-inner\">\n\t\t\t\t<div class=\"elementor-element elementor-element-5726e0f elementor-widget elementor-widget-text-editor\" data-id=\"5726e0f\" data-element_type=\"widget\" data-e-type=\"widget\" data-widget_type=\"text-editor.default\">\n\t\t\t\t<div class=\"elementor-widget-container\">\n\t\t\t\t\t\t\t\t\t<p><b>TITULARIDAD<\/b><\/p><p>En cumplimiento de las obligaciones establecidas en el art\u00edculo 10 de la Ley 34\/2002, de 11 de julio, de Servicios de la Sociedad de la Informaci\u00f3n y Comercio Electr\u00f3nico, se hace constar que esta p\u00e1gina corresponde a la entidad:<\/p><p>CECILIO TORRES FRAILE<br \/>NIF: 09320717J<br \/>C\/ Adolfo Miaja de la Muela N3, 3\u00ba B<br \/>47014 Valladolid<br \/>Tfno.: +34 658897889<br \/>Mail: arquitecto@ceciliotorresarquitecto.es<\/p><p><b>USUARIOS<\/b><\/p><p>El acceso y\/o uso de este portal de CECILIO TORRES FRAILE atribuye la condici\u00f3n de USUARIO, que acepta, desde dicho acceso y\/o uso, las Condiciones Generales de Uso aqu\u00ed reflejadas. Las citadas Condiciones ser\u00e1n de aplicaci\u00f3n independientemente de las Condiciones Generales de Contrataci\u00f3n que en su caso resulten de obligado cumplimiento.<\/p><p><b>USO DEL PORTAL<\/b><\/p><p>copisterianuria.es proporciona el acceso a multitud de informaciones, servicios, programas o datos (en adelante, \u00ablos contenidos\u00bb) en Internet pertenecientes a CECILIO TORRES FRAILE o a sus licenciantes a los que el USUARIO pueda tener acceso. El USUARIO asume la responsabilidad del uso del portal. Dicha responsabilidad se extiende al registro que fuese necesario para acceder a determinados servicios o contenidos. En dicho registro el USUARIO ser\u00e1 responsable de aportar informaci\u00f3n veraz y l\u00edcita. Como consecuencia de este registro, al USUARIO se le puede proporcionar una contrase\u00f1a de la que ser\u00e1 responsable, comprometi\u00e9ndose a hacer un uso diligente y confidencial de la misma. El USUARIO se compromete a hacer un uso adecuado de los contenidos y servicios que CECILIO TORRES FRAILE puede ofrecer a trav\u00e9s de su portal y con car\u00e1cter enunciativo pero no limitativo, a no emplearlos para (i) incurrir en actividades il\u00edcitas, ilegales o contrarias a la buena fe y al orden p\u00fablico; (ii) difundir contenidos o propaganda de car\u00e1cter racista, xen\u00f3fobo, pornogr\u00e1fico-ilegal, de apolog\u00eda del terrorismo o atentatorio contra los derechos humanos; (iii) provocar da\u00f1os en los sistemas f\u00edsicos y l\u00f3gicos de CECILIO TORRES FRAILE de sus proveedores o de terceras personas, introducir o difundir en la red virus inform\u00e1ticos o cualesquiera otros sistemas f\u00edsicos o l\u00f3gicos que sean susceptibles de provocar los da\u00f1os anteriormente mencionados; (iv) intentar acceder y, en su caso, utilizar las cuentas de correo electr\u00f3nico de otros usuarios y modificar o manipular sus mensajes. CECILIO TORRES FRAILE se reserva el derecho de retirar todos aquellos comentarios y aportaciones que vulneren el respeto a la dignidad de la persona, que sean discriminatorios, xen\u00f3fobos, racistas, pornogr\u00e1ficos, que atenten contra la juventud o la infancia, el orden o la seguridad p\u00fablica o que, a su juicio, no resultaran adecuados para su publicaci\u00f3n. En cualquier caso, CECILIO TORRES FRAILE no ser\u00e1 responsable de las opiniones vertidas por los usuarios a trav\u00e9s de los foros, chats, u otras herramientas de participaci\u00f3n.<\/p><p><b>PROPIEDAD INTELECTUAL E INDUSTRIAL<\/b><\/p><p>CECILIO TORRES FRAILE por s\u00ed o como cesionaria, es titular de todos los derechos de propiedad intelectual e industrial de su p\u00e1gina web, as\u00ed como de los elementos contenidos en la misma (a t\u00edtulo enunciativo, im\u00e1genes, sonido, audio, v\u00eddeo, software o textos; marcas o logotipos, combinaciones de colores, estructura y dise\u00f1o, selecci\u00f3n de materiales usados, programas de ordenador necesarios para su funcionamiento, acceso y uso, etc.), titularidad de CECILIO TORRES FRAILE o bien de sus licenciantes. Todos los derechos reservados. En virtud de lo dispuesto en los art\u00edculos 8 y 32.1, p\u00e1rrafo segundo, de la Ley de Propiedad Intelectual, quedan expresamente prohibidas la reproducci\u00f3n, la distribuci\u00f3n y la comunicaci\u00f3n p\u00fablica, incluida su modalidad de puesta a disposici\u00f3n, de la totalidad o parte de los contenidos de esta p\u00e1gina web, con fines comerciales, en cualquier soporte y por cualquier medio t\u00e9cnico, sin la autorizaci\u00f3n de CECILIO TORRES FRAIL El USUARIO se compromete a respetar los derechos de Propiedad Intelectual e Industrial titularidad de CECILIO TORRES FRAILE Podr\u00e1 visualizar los elementos del portal e incluso imprimirlos, copiarlos y almacenarlos en el disco duro de su ordenador o en cualquier otro soporte f\u00edsico siempre y cuando sea, \u00fanica y exclusivamente, para su uso personal y privado. El USUARIO deber\u00e1 abstenerse de suprimir, alterar, eludir o manipular cualquier dispositivo de protecci\u00f3n o sistema de seguridad que estuviera instalado en las p\u00e1ginas de CECILIO TORRES FRAILE.<\/p><p><b>DIRECCIONES IP<\/b><\/p><p>Los servidores del sitio web podr\u00e1n detectar de manera autom\u00e1tica la direcci\u00f3n IP y el nombre de dominio utilizados por el usuario. Una direcci\u00f3n IP es un n\u00famero asignado autom\u00e1ticamente a un ordenador cuando \u00e9sta se conecta a Internet. Toda esta informaci\u00f3n es registrada en un fichero de actividad del servidor debidamente inscrito que permite el posterior procesamiento de los datos con el fin de obtener mediciones \u00fanicamente estad\u00edsticas que permitan conocer el n\u00famero de impresiones de p\u00e1ginas, el n\u00famero de visitas realizadas a los servicios web, el orden de visitas, el punto de acceso, etc.<\/p><p><b>EXCLUSI\u00d3N DE GARANT\u00cdAS Y RESPONSABILIDAD<\/b><\/p><p>CECILIO TORRES FRAILE no se hace responsable, en ning\u00fan caso, de los da\u00f1os y perjuicios de cualquier naturaleza que pudieran ocasionar, a t\u00edtulo enunciativo: errores u omisiones en los contenidos, falta de disponibilidad del portal o la transmisi\u00f3n de virus o programas maliciosos o lesivos en los contenidos, a pesar de haber adoptado todas las medidas tecnol\u00f3gicas necesarias para evitarlo.<\/p><p><b>MODIFICACIONES<\/b><\/p><p>CECILIO TORRES FRAILE se reserva el derecho de efectuar sin previo aviso las modificaciones que considere oportunas en su portal, pudiendo cambiar, suprimir o a\u00f1adir tanto los contenidos y servicios que se presten a trav\u00e9s de esta como la forma en la que \u00e9stos aparezcan presentados o localizados en su portal.<\/p><p><b>ENLACES<\/b><\/p><p>En el caso de que en copisterianuria.es se dispusiesen enlaces o hiperv\u00ednculos hac\u00eda otros sitios de Internet, CECILIO TORRES FRAILE no ejercer\u00e1 ning\u00fan tipo de control sobre dichos sitios y contenidos. En ning\u00fan caso CECILIO TORRES FRAILE asumir\u00e1 responsabilidad alguna por los contenidos de alg\u00fan enlace perteneciente a un sitio web ajeno, ni garantizar\u00e1 la disponibilidad t\u00e9cnica, calidad, fiabilidad, exactitud, amplitud, veracidad, validez y constitucionalidad de cualquier material o informaci\u00f3n contenida en ninguno de dichos hiperv\u00ednculos u otros sitios de Internet. Igualmente, la inclusi\u00f3n de estas conexiones externas no implicar\u00e1 ning\u00fan tipo de asociaci\u00f3n, fusi\u00f3n o participaci\u00f3n con las entidades conectadas.<\/p><p><b>DERECHO DE EXCLUSI\u00d3N<\/b><\/p><p>CECILIO TORRES FRAILE se reserva el derecho a denegar o retirar el acceso a portal y\/o los servicios ofrecidos sin necesidad de preaviso, a instancia propia o de un tercero, a aquellos usuarios que incumplan las presentes Condiciones Generales de Uso.<\/p><p><b>GENERALIDADES<\/b><\/p><p>CECILIO TORRES FRAILE perseguir\u00e1 el incumplimiento de las presentes condiciones, as\u00ed como cualquier utilizaci\u00f3n indebida de su portal ejerciendo todas las acciones civiles y penales que le puedan corresponder en derecho.<\/p><p>MODIFICACI\u00d3N DE LAS PRESENTES CONDICIONES Y DURACI\u00d3N<\/p><p>CECILIO TORRES FRAILE podr\u00e1 modificar en cualquier momento las condiciones aqu\u00ed determinadas, siendo debidamente publicadas como aqu\u00ed aparecen. La vigencia de las citadas condiciones ir\u00e1 en funci\u00f3n de su exposici\u00f3n y estar\u00e1n vigentes hasta que sean modificadas por otras debidamente publicadas.<\/p><p><b>SEGURIDAD<\/b><\/p><p>El sitio web utiliza t\u00e9cnicas de seguridad de la informaci\u00f3n generalmente aceptadas en la industria, tales como firewalls, procedimientos de control de acceso y mecanismos criptogr\u00e1ficos, todo ello con el objeto de evitar el acceso no autorizado a los datos. Para lograr estos fines, el usuario\/cliente acepta que el prestador obtenga datos para efectos de la correspondiente autenticaci\u00f3n de los controles de acceso.<\/p><p>Todo proceso de contrataci\u00f3n o que conlleve la introducci\u00f3n de datos personales de car\u00e1cter alto (salud, ideolog\u00eda,\u2026) ser\u00e1n siempre transmitidos mediante protocolo de comunicaci\u00f3n segura (Https:\/\/,\u2026), de tal forma que ning\u00fan tercero tenga acceso a la informaci\u00f3n transmitida v\u00eda electr\u00f3nica.<\/p><p><b>LEGISLACI\u00d3N APLICABLE Y JURISDICCI\u00d3N<\/b><\/p><p>La relaci\u00f3n entre CECILIO TORRES FRAILE y el USUARIO se regir\u00e1 por la normativa espa\u00f1ola vigente y cualquier controversia se someter\u00e1 a los Juzgados y tribunales que corresponda.<\/p>\t\t\t\t\t\t\t\t<\/div>\n\t\t\t\t<\/div>\n\t\t\t\t\t<\/div>\n\t\t\t\t<\/div>\n\t\t\t\t<\/div>\n\t\t","protected":false},"excerpt":{"rendered":"<p>TITULARIDAD En cumplimiento de las obligaciones establecidas en el art\u00edculo 10 de la Ley 34\/2002, de 11 de julio, de Servicios de la Sociedad de la Informaci\u00f3n y Comercio Electr\u00f3nico, se hace constar que esta p\u00e1gina corresponde a la entidad: CECILIO TORRES FRAILENIF: 09320717JC\/ Adolfo Miaja de la Muela N3, 3\u00ba B47014 ValladolidTfno.: +34 658897889Mail: [&hellip;]<\/p>\n","protected":false},"author":3,"featured_media":0,"parent":0,"menu_order":0,"comment_status":"closed","ping_status":"closed","template":"","meta":{"footnotes":""},"class_list":["post-740","page","type-page","status-publish","hentry"],"yoast_head":"<!-- This site is optimized with the Yoast SEO plugin v26.9 - https:\/\/yoast.com\/product\/yoast-seo-wordpress\/ -->\n<title>Aviso Legal - Cecilio Torres Arquitecto<\/title>\n<meta name=\"robots\" content=\"index, follow, max-snippet:-1, max-image-preview:large, max-video-preview:-1\" \/>\n<link rel=\"canonical\" href=\"https:\/\/ceciliotorresarquitecto.es\/index.php\/aviso-legal\/\" \/>\n<meta property=\"og:locale\" content=\"es_ES\" \/>\n<meta property=\"og:type\" content=\"article\" \/>\n<meta property=\"og:title\" content=\"Aviso Legal - Cecilio Torres Arquitecto\" \/>\n<meta property=\"og:description\" content=\"TITULARIDAD En cumplimiento de las obligaciones establecidas en el art\u00edculo 10 de la Ley 34\/2002, de 11 de julio, de Servicios de la Sociedad de la Informaci\u00f3n y Comercio Electr\u00f3nico, se hace constar que esta p\u00e1gina corresponde a la entidad: CECILIO TORRES FRAILENIF: 09320717JC\/ Adolfo Miaja de la Muela N3, 3\u00ba B47014 ValladolidTfno.: +34 658897889Mail: [&hellip;]\" \/>\n<meta property=\"og:url\" content=\"https:\/\/ceciliotorresarquitecto.es\/index.php\/aviso-legal\/\" \/>\n<meta property=\"og:site_name\" content=\"Cecilio Torres Arquitecto\" \/>\n<meta property=\"article:modified_time\" content=\"2023-08-12T11:17:24+00:00\" \/>\n<meta name=\"twitter:card\" content=\"summary_large_image\" \/>\n<meta name=\"twitter:label1\" content=\"Tiempo de lectura\" \/>\n\t<meta name=\"twitter:data1\" content=\"7 minutos\" \/>\n<script type=\"application\/ld+json\" class=\"yoast-schema-graph\">{\"@context\":\"https:\/\/schema.org\",\"@graph\":[{\"@type\":\"WebPage\",\"@id\":\"https:\/\/ceciliotorresarquitecto.es\/index.php\/aviso-legal\/\",\"url\":\"https:\/\/ceciliotorresarquitecto.es\/index.php\/aviso-legal\/\",\"name\":\"Aviso Legal - Cecilio Torres Arquitecto\",\"isPartOf\":{\"@id\":\"https:\/\/ceciliotorresarquitecto.es\/#website\"},\"datePublished\":\"2023-08-12T11:13:35+00:00\",\"dateModified\":\"2023-08-12T11:17:24+00:00\",\"breadcrumb\":{\"@id\":\"https:\/\/ceciliotorresarquitecto.es\/index.php\/aviso-legal\/#breadcrumb\"},\"inLanguage\":\"es\",\"potentialAction\":[{\"@type\":\"ReadAction\",\"target\":[\"https:\/\/ceciliotorresarquitecto.es\/index.php\/aviso-legal\/\"]}]},{\"@type\":\"BreadcrumbList\",\"@id\":\"https:\/\/ceciliotorresarquitecto.es\/index.php\/aviso-legal\/#breadcrumb\",\"itemListElement\":[{\"@type\":\"ListItem\",\"position\":1,\"name\":\"Home\",\"item\":\"https:\/\/ceciliotorresarquitecto.es\/\"},{\"@type\":\"ListItem\",\"position\":2,\"name\":\"Aviso Legal\"}]},{\"@type\":\"WebSite\",\"@id\":\"https:\/\/ceciliotorresarquitecto.es\/#website\",\"url\":\"https:\/\/ceciliotorresarquitecto.es\/\",\"name\":\"Cecilio Torres Arquitecto\",\"description\":\"Valladolid\",\"publisher\":{\"@id\":\"https:\/\/ceciliotorresarquitecto.es\/#organization\"},\"potentialAction\":[{\"@type\":\"SearchAction\",\"target\":{\"@type\":\"EntryPoint\",\"urlTemplate\":\"https:\/\/ceciliotorresarquitecto.es\/?s={search_term_string}\"},\"query-input\":{\"@type\":\"PropertyValueSpecification\",\"valueRequired\":true,\"valueName\":\"search_term_string\"}}],\"inLanguage\":\"es\"},{\"@type\":\"Organization\",\"@id\":\"https:\/\/ceciliotorresarquitecto.es\/#organization\",\"name\":\"Cecilio Torres Arquitecto\",\"url\":\"https:\/\/ceciliotorresarquitecto.es\/\",\"logo\":{\"@type\":\"ImageObject\",\"inLanguage\":\"es\",\"@id\":\"https:\/\/ceciliotorresarquitecto.es\/#\/schema\/logo\/image\/\",\"url\":\"https:\/\/ceciliotorresarquitecto.es\/wp-content\/uploads\/2023\/07\/cecilio-torres-logo.png\",\"contentUrl\":\"https:\/\/ceciliotorresarquitecto.es\/wp-content\/uploads\/2023\/07\/cecilio-torres-logo.png\",\"width\":1212,\"height\":1199,\"caption\":\"Cecilio Torres Arquitecto\"},\"image\":{\"@id\":\"https:\/\/ceciliotorresarquitecto.es\/#\/schema\/logo\/image\/\"}}]}<\/script>\n<!-- \/ Yoast SEO plugin. -->","yoast_head_json":{"title":"Aviso Legal - Cecilio Torres Arquitecto","robots":{"index":"index","follow":"follow","max-snippet":"max-snippet:-1","max-image-preview":"max-image-preview:large","max-video-preview":"max-video-preview:-1"},"canonical":"https:\/\/ceciliotorresarquitecto.es\/index.php\/aviso-legal\/","og_locale":"es_ES","og_type":"article","og_title":"Aviso Legal - Cecilio Torres Arquitecto","og_description":"TITULARIDAD En cumplimiento de las obligaciones establecidas en el art\u00edculo 10 de la Ley 34\/2002, de 11 de julio, de Servicios de la Sociedad de la Informaci\u00f3n y Comercio Electr\u00f3nico, se hace constar que esta p\u00e1gina corresponde a la entidad: CECILIO TORRES FRAILENIF: 09320717JC\/ Adolfo Miaja de la Muela N3, 3\u00ba B47014 ValladolidTfno.: +34 658897889Mail: [&hellip;]","og_url":"https:\/\/ceciliotorresarquitecto.es\/index.php\/aviso-legal\/","og_site_name":"Cecilio Torres Arquitecto","article_modified_time":"2023-08-12T11:17:24+00:00","twitter_card":"summary_large_image","twitter_misc":{"Tiempo de lectura":"7 minutos"},"schema":{"@context":"https:\/\/schema.org","@graph":[{"@type":"WebPage","@id":"https:\/\/ceciliotorresarquitecto.es\/index.php\/aviso-legal\/","url":"https:\/\/ceciliotorresarquitecto.es\/index.php\/aviso-legal\/","name":"Aviso Legal - Cecilio Torres Arquitecto","isPartOf":{"@id":"https:\/\/ceciliotorresarquitecto.es\/#website"},"datePublished":"2023-08-12T11:13:35+00:00","dateModified":"2023-08-12T11:17:24+00:00","breadcrumb":{"@id":"https:\/\/ceciliotorresarquitecto.es\/index.php\/aviso-legal\/#breadcrumb"},"inLanguage":"es","potentialAction":[{"@type":"ReadAction","target":["https:\/\/ceciliotorresarquitecto.es\/index.php\/aviso-legal\/"]}]},{"@type":"BreadcrumbList","@id":"https:\/\/ceciliotorresarquitecto.es\/index.php\/aviso-legal\/#breadcrumb","itemListElement":[{"@type":"ListItem","position":1,"name":"Home","item":"https:\/\/ceciliotorresarquitecto.es\/"},{"@type":"ListItem","position":2,"name":"Aviso Legal"}]},{"@type":"WebSite","@id":"https:\/\/ceciliotorresarquitecto.es\/#website","url":"https:\/\/ceciliotorresarquitecto.es\/","name":"Cecilio Torres Arquitecto","description":"Valladolid","publisher":{"@id":"https:\/\/ceciliotorresarquitecto.es\/#organization"},"potentialAction":[{"@type":"SearchAction","target":{"@type":"EntryPoint","urlTemplate":"https:\/\/ceciliotorresarquitecto.es\/?s={search_term_string}"},"query-input":{"@type":"PropertyValueSpecification","valueRequired":true,"valueName":"search_term_string"}}],"inLanguage":"es"},{"@type":"Organization","@id":"https:\/\/ceciliotorresarquitecto.es\/#organization","name":"Cecilio Torres Arquitecto","url":"https:\/\/ceciliotorresarquitecto.es\/","logo":{"@type":"ImageObject","inLanguage":"es","@id":"https:\/\/ceciliotorresarquitecto.es\/#\/schema\/logo\/image\/","url":"https:\/\/ceciliotorresarquitecto.es\/wp-content\/uploads\/2023\/07\/cecilio-torres-logo.png","contentUrl":"https:\/\/ceciliotorresarquitecto.es\/wp-content\/uploads\/2023\/07\/cecilio-torres-logo.png","width":1212,"height":1199,"caption":"Cecilio Torres Arquitecto"},"image":{"@id":"https:\/\/ceciliotorresarquitecto.es\/#\/schema\/logo\/image\/"}}]}},"_links":{"self":[{"href":"https:\/\/ceciliotorresarquitecto.es\/index.php\/wp-json\/wp\/v2\/pages\/740","targetHints":{"allow":["GET"]}}],"collection":[{"href":"https:\/\/ceciliotorresarquitecto.es\/index.php\/wp-json\/wp\/v2\/pages"}],"about":[{"href":"https:\/\/ceciliotorresarquitecto.es\/index.php\/wp-json\/wp\/v2\/types\/page"}],"author":[{"embeddable":true,"href":"https:\/\/ceciliotorresarquitecto.es\/index.php\/wp-json\/wp\/v2\/users\/3"}],"replies":[{"embeddable":true,"href":"https:\/\/ceciliotorresarquitecto.es\/index.php\/wp-json\/wp\/v2\/comments?post=740"}],"version-history":[{"count":7,"href":"https:\/\/ceciliotorresarquitecto.es\/index.php\/wp-json\/wp\/v2\/pages\/740\/revisions"}],"predecessor-version":[{"id":747,"href":"https:\/\/ceciliotorresarquitecto.es\/index.php\/wp-json\/wp\/v2\/pages\/740\/revisions\/747"}],"wp:attachment":[{"href":"https:\/\/ceciliotorresarquitecto.es\/index.php\/wp-json\/wp\/v2\/media?parent=740"}],"curies":[{"name":"wp","href":"https:\/\/api.w.org\/{rel}","templated":true}]}}