{"id":720,"date":"2023-08-12T10:46:14","date_gmt":"2023-08-12T10:46:14","guid":{"rendered":"https:\/\/ceciliotorresarquitecto.es\/?page_id=720"},"modified":"2023-08-12T11:13:06","modified_gmt":"2023-08-12T11:13:06","slug":"declaracion-de-accesibilidad","status":"publish","type":"page","link":"https:\/\/ceciliotorresarquitecto.es\/index.php\/declaracion-de-accesibilidad\/","title":{"rendered":"Declaraci\u00f3n de Accesibilidad"},"content":{"rendered":"\t\t<div data-elementor-type=\"wp-page\" data-elementor-id=\"720\" class=\"elementor elementor-720\" data-elementor-post-type=\"page\">\n\t\t\t\t<div class=\"elementor-element elementor-element-2c43134 e-flex e-con-boxed e-con e-parent\" data-id=\"2c43134\" data-element_type=\"container\" data-e-type=\"container\" data-settings=\"{&quot;jet_parallax_layout_list&quot;:[]}\">\n\t\t\t\t\t<div class=\"e-con-inner\">\n\t\t\t\t<div class=\"elementor-element elementor-element-68c266c elementor-widget elementor-widget-text-editor\" data-id=\"68c266c\" data-element_type=\"widget\" data-e-type=\"widget\" data-widget_type=\"text-editor.default\">\n\t\t\t\t<div class=\"elementor-widget-container\">\n\t\t\t\t\t\t\t\t\t<p><strong>Declaraci\u00f3n de accesibilidad<\/strong><br \/>La Agencia Espa\u00f1ola de Protecci\u00f3n de Datos se ha comprometido a hacer accesibles sus sitios web de conformidad con el Real Decreto 1112\/2018, de 7 de septiembre, sobre accesibilidad de los sitios web y aplicaciones para dispositivos m\u00f3viles del sector p\u00fablico.<\/p><p><a href=\"https:\/\/www.boe.es\/buscar\/act.php?id=BOE-A-2018-12699\" target=\"_blank\" rel=\"noopener\">https:\/\/www.boe.es\/buscar\/act.php?id=BOE-A-2018-12699<\/a><\/p><p><strong>SITUACI\u00d3N DE CUMPLIMIENTO<\/strong><br \/>Este sitio web es parcialmente conforme con el RD 1112\/2018 <a href=\"https:\/\/www.boe.es\/diario_boe\/txt.php?id=BOE-A-2018-12699\" target=\"_blank\" rel=\"noopener\">https:\/\/www.boe.es\/diario_boe\/txt.php?id=BOE-A-2018-12699<\/a> \u00a0debido a las<br \/>excepciones y a la falta de conformidad de los aspectos que se indican a continuaci\u00f3n.<\/p><p><strong>CONTENIDO NO ACCESIBLE<\/strong><br \/>El contenido que se recoge a continuaci\u00f3n no es accesible por lo siguiente:<\/p><p><b>Falta de conformidad con el RD 1112\/2018:<br \/><\/b>&#8211; En el portal pueden existir contenidos en otros idiomas en los que no est\u00e1 etiquetado correctamente el cambio de idioma<br \/>&#8211; Los elementos multimedia solo audio no tienen alternativa<br \/>&#8211; Existen v\u00eddeos sin subt\u00edtulos<br \/>&#8211; Hay contenido textual sin un contraste suficiente<br \/>&#8211; Se observa como en algunos casos el foco no cumple con el m\u00ednimo ratio de contraste requerido<br \/>&#8211; En alg\u00fan caso puede producirse solapamiento de contenido<br \/>&#8211; Existen documentos PDF con problemas de accesibilidad<\/p><p><b>\u00a0Carga desproporcionada:<br \/><\/b>\u00a0 \u00a0 \u00a0 \u00a0 \u00a0 &#8211; No aplica.<\/p><p><b>Contenido no entra dentro del \u00e1mbito de la legislaci\u00f3n aplicable:<\/b> <br \/>&#8211; Pueden existir documentos en formato PDF publicados antes del 20 de septiembre de 2018 que no cumplan en su totalidad todos los requisitos de accesibilidad.<\/p><p><strong>PREPARACI\u00d3N DE LA PRESENTE DECLARACI\u00d3N DE ACCESIBILIDAD<\/strong><br \/>La presente declaraci\u00f3n fue preparada el 22 de marzo de 2023.<br \/>El m\u00e9todo empleado para la presente declaraci\u00f3n ha sido una autoevaluaci\u00f3n realizada por la propia Agencia con el soporte de la Herramienta IRA (Informe de Revisi\u00f3n de Accesibilidad) <a href=\"https:\/\/herramienta-ira.administracionelectronica.gob.es\/#!\/\" target=\"_blank\" rel=\"noopener\">https:\/\/herramienta-ira.administracionelectronica.gob.es\/#!\/<\/a> del Observatorio de Accesibilidad.<br \/>\u00daltima revisi\u00f3n de la declaraci\u00f3n: 22 de marzo de 2023<\/p><p><strong>OBSERVACIONES Y DATOS DE CONTACTO<\/strong><br \/><b>&#8211; Comunicaciones sobre requisitos de accesibilidad<br \/><\/b>Puede realizar comunicaciones sobre requisitos de accesibilidad (art\u00edculo 10.2.a del RD 1112\/2018) como, por ejemplo:<br \/><b>&#8211; informar sobre cualquier posible incumplimiento por parte de este sitio web<br \/>&#8211; transmitir otras dificultades de acceso al contenido<br \/>&#8211; formular cualquier otra consulta o sugerencia de mejora relativa a la accesibilidad del sitio web\u00a0<\/b><\/p><p><b>a trav\u00e9s del formulario de contacto sobre requisitos de accesibilidad <a href=\"https:\/\/sedeagpd.gob.es\/sede-electronica-web\/vistas\/formQuejasSugerencias\/accesible_quejas.jsf\" target=\"_blank\" rel=\"noopener\">https:\/\/sedeagpd.gob.es\/sede-electronica-web\/vistas\/formQuejasSugerencias\/accesible_quejas.jsf<\/a> designado a tal efecto en la sede electr\u00f3nica de la Agencia.<\/b><\/p><p>Las comunicaciones ser\u00e1n recibidas y tratadas por la Unidad Responsable de Accesibilidad de la Subdirecci\u00f3n General de Promoci\u00f3n y Autorizaciones.<\/p><p><b>Solicitudes de informaci\u00f3n accesible y quejas<br \/><\/b>A trav\u00e9s del\u00a0<a href=\"https:\/\/sedeagpd.gob.es\/sede-electronica-web\/vistas\/formQuejasSugerencias\/accesible_quejas.jsf\" target=\"_blank\" rel=\"noopener\">formulario de solicitudes de informaci\u00f3n accesible y de quejas\u00a0en materia de quejas de accesibilidad\u00a0<\/a>puede presentar:<br \/>&#8211; una Queja relativa al cumplimiento de los requisitos del RD 1112\/2018 o<br \/>&#8211; una Solicitud de Informaci\u00f3n accesible relativa a:<br \/>\u00a0 \u00a0 \u00a0&#8211; o contenidos que est\u00e1n excluidos del \u00e1mbito de aplicaci\u00f3n del RD\u00a01112\/2018 seg\u00fan lo establecido por el art\u00edculo 3, apartado 4<br \/><span style=\"color: var( --e-global-color-primary ); font-family: var( --e-global-typography-text-font-family ), Sans-serif; font-weight: var( --e-global-typography-text-font-weight ); text-align: var(--text-align); font-size: 1rem;\">\u00a0 \u00a0 \u00a0&#8211; o contenidos que est\u00e1n exentos del cumplimiento de los requisitos\u00a0<\/span><span style=\"color: var( --e-global-color-primary ); font-family: var( --e-global-typography-text-font-family ), Sans-serif; font-weight: var( --e-global-typography-text-font-weight ); text-align: var(--text-align); font-size: 1rem;\">de accesibilidad por imponer una carga desproporcionada.<\/span><\/p><p>En la Solicitud de informaci\u00f3n accesible, se debe concretar, con toda claridad, los hechos, razones y petici\u00f3n que permitan constatar que se trata de una\u00a0solicitud razonable y leg\u00edtima.<\/p><p><b>PROCEDIMIENTO DE APLICACI\u00d3N<br \/><\/b>Si una vez realizada una solicitud de informaci\u00f3n accesible o queja, \u00e9sta\u00a0hubiera sido desestimada, no se estuviera de acuerdo con la decisi\u00f3n\u00a0adoptada, o la respuesta no cumpliera los requisitos contemplados en el\u00a0art\u00edculo 12.5 del RD 1112\/2018, la persona interesada podr\u00e1 iniciar una\u00a0reclamaci\u00f3n. Igualmente se podr\u00e1 iniciar una reclamaci\u00f3n en el caso de no\u00a0haber obtenido respuesta.<\/p><p>El procedimiento reclamaci\u00f3n recogido en el art\u00edculo 13 del RD 1112\/2018, puede iniciarse a trav\u00e9s de\u00a0este enlace. <a href=\"https:\/\/sedeagpd.gob.es\/sede-electronica-web\/vistas\/formProcedimientoEntrada\/procedimientoEntradaAmpliado.jsf\" target=\"_blank\" rel=\"noopener\">https:\/\/sedeagpd.gob.es\/sede-electronica-web\/vistas\/formProcedimientoEntrada\/procedimientoEntradaAmpliado.jsf<\/a><\/p><p><b>CONTENIDO OPCIONAL<br \/><\/b>El sitio web:<br \/>&#8211; se ha dise\u00f1ado adapt\u00e1ndose a los est\u00e1ndares y normativas vigentes con\u00a0relaci\u00f3n a la accesibilidad, cumpliendo con los puntos de verificaci\u00f3n de\u00a0prioridad 2 (AA) definidos en la especificaci\u00f3n de Pautas de\u00a0Accesibilidad al Contenido en la Web (WCAG 2.1)<br \/>&#8211; est\u00e1 optimizado para las \u00faltimas versiones vigentes de Chrome, Edge,\u00a0Firefox, Safari y Opera<br \/>&#8211; est\u00e1 dise\u00f1ado para su correcta visualizaci\u00f3n en cualquier resoluci\u00f3n y dispositivo de escritorio, tabletas o m\u00f3viles\u00a0(dise\u00f1o\u00a0responsive)<br \/>&#8211; se ha realizado utilizando HTML5 como lenguaje de marcado y hojas de\u00a0estilo CSS 3 para su dise\u00f1o<br \/><br \/>Adem\u00e1s, se realiza un trabajo continuo de auditor\u00eda y revisi\u00f3n de contenidos para facilitar su interpretaci\u00f3n y mejorar la navegaci\u00f3n por el portal web.<\/p>\t\t\t\t\t\t\t\t<\/div>\n\t\t\t\t<\/div>\n\t\t\t\t\t<\/div>\n\t\t\t\t<\/div>\n\t\t\t\t<\/div>\n\t\t","protected":false},"excerpt":{"rendered":"<p>Declaraci\u00f3n de accesibilidadLa Agencia Espa\u00f1ola de Protecci\u00f3n de Datos se ha comprometido a hacer accesibles sus sitios web de conformidad con el Real Decreto 1112\/2018, de 7 de septiembre, sobre accesibilidad de los sitios web y aplicaciones para dispositivos m\u00f3viles del sector p\u00fablico. https:\/\/www.boe.es\/buscar\/act.php?id=BOE-A-2018-12699 SITUACI\u00d3N DE CUMPLIMIENTOEste sitio web es parcialmente conforme con el RD [&hellip;]<\/p>\n","protected":false},"author":3,"featured_media":0,"parent":0,"menu_order":0,"comment_status":"closed","ping_status":"closed","template":"","meta":{"footnotes":""},"class_list":["post-720","page","type-page","status-publish","hentry"],"yoast_head":"<!-- This site is optimized with the Yoast SEO plugin v26.9 - https:\/\/yoast.com\/product\/yoast-seo-wordpress\/ -->\n<title>Declaraci\u00f3n de Accesibilidad - Cecilio Torres Arquitecto<\/title>\n<meta name=\"robots\" content=\"index, follow, max-snippet:-1, max-image-preview:large, max-video-preview:-1\" \/>\n<link rel=\"canonical\" href=\"https:\/\/ceciliotorresarquitecto.es\/index.php\/declaracion-de-accesibilidad\/\" \/>\n<meta property=\"og:locale\" content=\"es_ES\" \/>\n<meta property=\"og:type\" content=\"article\" \/>\n<meta property=\"og:title\" content=\"Declaraci\u00f3n de Accesibilidad - Cecilio Torres Arquitecto\" \/>\n<meta property=\"og:description\" content=\"Declaraci\u00f3n de accesibilidadLa Agencia Espa\u00f1ola de Protecci\u00f3n de Datos se ha comprometido a hacer accesibles sus sitios web de conformidad con el Real Decreto 1112\/2018, de 7 de septiembre, sobre accesibilidad de los sitios web y aplicaciones para dispositivos m\u00f3viles del sector p\u00fablico. https:\/\/www.boe.es\/buscar\/act.php?id=BOE-A-2018-12699 SITUACI\u00d3N DE CUMPLIMIENTOEste sitio web es parcialmente conforme con el RD [&hellip;]\" \/>\n<meta property=\"og:url\" content=\"https:\/\/ceciliotorresarquitecto.es\/index.php\/declaracion-de-accesibilidad\/\" \/>\n<meta property=\"og:site_name\" content=\"Cecilio Torres Arquitecto\" \/>\n<meta property=\"article:modified_time\" content=\"2023-08-12T11:13:06+00:00\" \/>\n<meta name=\"twitter:card\" content=\"summary_large_image\" \/>\n<meta name=\"twitter:label1\" content=\"Tiempo de lectura\" \/>\n\t<meta name=\"twitter:data1\" content=\"4 minutos\" \/>\n<script type=\"application\/ld+json\" class=\"yoast-schema-graph\">{\"@context\":\"https:\/\/schema.org\",\"@graph\":[{\"@type\":\"WebPage\",\"@id\":\"https:\/\/ceciliotorresarquitecto.es\/index.php\/declaracion-de-accesibilidad\/\",\"url\":\"https:\/\/ceciliotorresarquitecto.es\/index.php\/declaracion-de-accesibilidad\/\",\"name\":\"Declaraci\u00f3n de Accesibilidad - Cecilio Torres Arquitecto\",\"isPartOf\":{\"@id\":\"https:\/\/ceciliotorresarquitecto.es\/#website\"},\"datePublished\":\"2023-08-12T10:46:14+00:00\",\"dateModified\":\"2023-08-12T11:13:06+00:00\",\"breadcrumb\":{\"@id\":\"https:\/\/ceciliotorresarquitecto.es\/index.php\/declaracion-de-accesibilidad\/#breadcrumb\"},\"inLanguage\":\"es\",\"potentialAction\":[{\"@type\":\"ReadAction\",\"target\":[\"https:\/\/ceciliotorresarquitecto.es\/index.php\/declaracion-de-accesibilidad\/\"]}]},{\"@type\":\"BreadcrumbList\",\"@id\":\"https:\/\/ceciliotorresarquitecto.es\/index.php\/declaracion-de-accesibilidad\/#breadcrumb\",\"itemListElement\":[{\"@type\":\"ListItem\",\"position\":1,\"name\":\"Home\",\"item\":\"https:\/\/ceciliotorresarquitecto.es\/\"},{\"@type\":\"ListItem\",\"position\":2,\"name\":\"Declaraci\u00f3n de Accesibilidad\"}]},{\"@type\":\"WebSite\",\"@id\":\"https:\/\/ceciliotorresarquitecto.es\/#website\",\"url\":\"https:\/\/ceciliotorresarquitecto.es\/\",\"name\":\"Cecilio Torres Arquitecto\",\"description\":\"Valladolid\",\"publisher\":{\"@id\":\"https:\/\/ceciliotorresarquitecto.es\/#organization\"},\"potentialAction\":[{\"@type\":\"SearchAction\",\"target\":{\"@type\":\"EntryPoint\",\"urlTemplate\":\"https:\/\/ceciliotorresarquitecto.es\/?s={search_term_string}\"},\"query-input\":{\"@type\":\"PropertyValueSpecification\",\"valueRequired\":true,\"valueName\":\"search_term_string\"}}],\"inLanguage\":\"es\"},{\"@type\":\"Organization\",\"@id\":\"https:\/\/ceciliotorresarquitecto.es\/#organization\",\"name\":\"Cecilio Torres Arquitecto\",\"url\":\"https:\/\/ceciliotorresarquitecto.es\/\",\"logo\":{\"@type\":\"ImageObject\",\"inLanguage\":\"es\",\"@id\":\"https:\/\/ceciliotorresarquitecto.es\/#\/schema\/logo\/image\/\",\"url\":\"https:\/\/ceciliotorresarquitecto.es\/wp-content\/uploads\/2023\/07\/cecilio-torres-logo.png\",\"contentUrl\":\"https:\/\/ceciliotorresarquitecto.es\/wp-content\/uploads\/2023\/07\/cecilio-torres-logo.png\",\"width\":1212,\"height\":1199,\"caption\":\"Cecilio Torres Arquitecto\"},\"image\":{\"@id\":\"https:\/\/ceciliotorresarquitecto.es\/#\/schema\/logo\/image\/\"}}]}<\/script>\n<!-- \/ Yoast SEO plugin. -->","yoast_head_json":{"title":"Declaraci\u00f3n de Accesibilidad - Cecilio Torres Arquitecto","robots":{"index":"index","follow":"follow","max-snippet":"max-snippet:-1","max-image-preview":"max-image-preview:large","max-video-preview":"max-video-preview:-1"},"canonical":"https:\/\/ceciliotorresarquitecto.es\/index.php\/declaracion-de-accesibilidad\/","og_locale":"es_ES","og_type":"article","og_title":"Declaraci\u00f3n de Accesibilidad - Cecilio Torres Arquitecto","og_description":"Declaraci\u00f3n de accesibilidadLa Agencia Espa\u00f1ola de Protecci\u00f3n de Datos se ha comprometido a hacer accesibles sus sitios web de conformidad con el Real Decreto 1112\/2018, de 7 de septiembre, sobre accesibilidad de los sitios web y aplicaciones para dispositivos m\u00f3viles del sector p\u00fablico. https:\/\/www.boe.es\/buscar\/act.php?id=BOE-A-2018-12699 SITUACI\u00d3N DE CUMPLIMIENTOEste sitio web es parcialmente conforme con el RD [&hellip;]","og_url":"https:\/\/ceciliotorresarquitecto.es\/index.php\/declaracion-de-accesibilidad\/","og_site_name":"Cecilio Torres Arquitecto","article_modified_time":"2023-08-12T11:13:06+00:00","twitter_card":"summary_large_image","twitter_misc":{"Tiempo de lectura":"4 minutos"},"schema":{"@context":"https:\/\/schema.org","@graph":[{"@type":"WebPage","@id":"https:\/\/ceciliotorresarquitecto.es\/index.php\/declaracion-de-accesibilidad\/","url":"https:\/\/ceciliotorresarquitecto.es\/index.php\/declaracion-de-accesibilidad\/","name":"Declaraci\u00f3n de Accesibilidad - Cecilio Torres Arquitecto","isPartOf":{"@id":"https:\/\/ceciliotorresarquitecto.es\/#website"},"datePublished":"2023-08-12T10:46:14+00:00","dateModified":"2023-08-12T11:13:06+00:00","breadcrumb":{"@id":"https:\/\/ceciliotorresarquitecto.es\/index.php\/declaracion-de-accesibilidad\/#breadcrumb"},"inLanguage":"es","potentialAction":[{"@type":"ReadAction","target":["https:\/\/ceciliotorresarquitecto.es\/index.php\/declaracion-de-accesibilidad\/"]}]},{"@type":"BreadcrumbList","@id":"https:\/\/ceciliotorresarquitecto.es\/index.php\/declaracion-de-accesibilidad\/#breadcrumb","itemListElement":[{"@type":"ListItem","position":1,"name":"Home","item":"https:\/\/ceciliotorresarquitecto.es\/"},{"@type":"ListItem","position":2,"name":"Declaraci\u00f3n de Accesibilidad"}]},{"@type":"WebSite","@id":"https:\/\/ceciliotorresarquitecto.es\/#website","url":"https:\/\/ceciliotorresarquitecto.es\/","name":"Cecilio Torres Arquitecto","description":"Valladolid","publisher":{"@id":"https:\/\/ceciliotorresarquitecto.es\/#organization"},"potentialAction":[{"@type":"SearchAction","target":{"@type":"EntryPoint","urlTemplate":"https:\/\/ceciliotorresarquitecto.es\/?s={search_term_string}"},"query-input":{"@type":"PropertyValueSpecification","valueRequired":true,"valueName":"search_term_string"}}],"inLanguage":"es"},{"@type":"Organization","@id":"https:\/\/ceciliotorresarquitecto.es\/#organization","name":"Cecilio Torres Arquitecto","url":"https:\/\/ceciliotorresarquitecto.es\/","logo":{"@type":"ImageObject","inLanguage":"es","@id":"https:\/\/ceciliotorresarquitecto.es\/#\/schema\/logo\/image\/","url":"https:\/\/ceciliotorresarquitecto.es\/wp-content\/uploads\/2023\/07\/cecilio-torres-logo.png","contentUrl":"https:\/\/ceciliotorresarquitecto.es\/wp-content\/uploads\/2023\/07\/cecilio-torres-logo.png","width":1212,"height":1199,"caption":"Cecilio Torres Arquitecto"},"image":{"@id":"https:\/\/ceciliotorresarquitecto.es\/#\/schema\/logo\/image\/"}}]}},"_links":{"self":[{"href":"https:\/\/ceciliotorresarquitecto.es\/index.php\/wp-json\/wp\/v2\/pages\/720","targetHints":{"allow":["GET"]}}],"collection":[{"href":"https:\/\/ceciliotorresarquitecto.es\/index.php\/wp-json\/wp\/v2\/pages"}],"about":[{"href":"https:\/\/ceciliotorresarquitecto.es\/index.php\/wp-json\/wp\/v2\/types\/page"}],"author":[{"embeddable":true,"href":"https:\/\/ceciliotorresarquitecto.es\/index.php\/wp-json\/wp\/v2\/users\/3"}],"replies":[{"embeddable":true,"href":"https:\/\/ceciliotorresarquitecto.es\/index.php\/wp-json\/wp\/v2\/comments?post=720"}],"version-history":[{"count":11,"href":"https:\/\/ceciliotorresarquitecto.es\/index.php\/wp-json\/wp\/v2\/pages\/720\/revisions"}],"predecessor-version":[{"id":739,"href":"https:\/\/ceciliotorresarquitecto.es\/index.php\/wp-json\/wp\/v2\/pages\/720\/revisions\/739"}],"wp:attachment":[{"href":"https:\/\/ceciliotorresarquitecto.es\/index.php\/wp-json\/wp\/v2\/media?parent=720"}],"curies":[{"name":"wp","href":"https:\/\/api.w.org\/{rel}","templated":true}]}}