{"id":32,"date":"2023-07-17T10:39:53","date_gmt":"2023-07-17T10:39:53","guid":{"rendered":"https:\/\/ceciliotorresarquitecto.es\/?page_id=32"},"modified":"2023-08-01T15:55:09","modified_gmt":"2023-08-01T15:55:09","slug":"el-estudio","status":"publish","type":"page","link":"https:\/\/ceciliotorresarquitecto.es\/index.php\/el-estudio\/","title":{"rendered":"El Estudio"},"content":{"rendered":"\t\t<div data-elementor-type=\"wp-page\" data-elementor-id=\"32\" class=\"elementor elementor-32\" data-elementor-post-type=\"page\">\n\t\t\t\t<div class=\"elementor-element elementor-element-7072029 e-flex e-con-boxed e-con e-parent\" data-id=\"7072029\" data-element_type=\"container\" data-e-type=\"container\" data-settings=\"{&quot;jet_parallax_layout_list&quot;:[]}\">\n\t\t\t\t\t<div class=\"e-con-inner\">\n\t\t<div class=\"elementor-element elementor-element-576d44b e-flex e-con-boxed e-con e-parent\" data-id=\"576d44b\" data-element_type=\"container\" data-e-type=\"container\" data-settings=\"{&quot;jet_parallax_layout_list&quot;:[]}\">\n\t\t\t\t\t<div class=\"e-con-inner\">\n\t\t\t\t<div class=\"elementor-element elementor-element-7e0138f elementor-widget elementor-widget-image\" data-id=\"7e0138f\" data-element_type=\"widget\" data-e-type=\"widget\" data-widget_type=\"image.default\">\n\t\t\t\t<div class=\"elementor-widget-container\">\n\t\t\t\t\t\t\t\t\t\t\t\t\t\t\t<img fetchpriority=\"high\" decoding=\"async\" width=\"283\" height=\"283\" src=\"https:\/\/ceciliotorresarquitecto.es\/wp-content\/uploads\/2023\/08\/cecilio-torres.jpg\" class=\"attachment-large size-large wp-image-577\" alt=\"\" srcset=\"https:\/\/ceciliotorresarquitecto.es\/wp-content\/uploads\/2023\/08\/cecilio-torres.jpg 283w, https:\/\/ceciliotorresarquitecto.es\/wp-content\/uploads\/2023\/08\/cecilio-torres-150x150.jpg 150w\" sizes=\"(max-width: 283px) 100vw, 283px\" \/>\t\t\t\t\t\t\t\t\t\t\t\t\t\t\t<\/div>\n\t\t\t\t<\/div>\n\t\t\t\t\t<\/div>\n\t\t\t\t<\/div>\n\t\t\t\t\t<\/div>\n\t\t\t\t<\/div>\n\t\t<div class=\"elementor-element elementor-element-fd2eb0d e-flex e-con-boxed e-con e-parent\" data-id=\"fd2eb0d\" data-element_type=\"container\" data-e-type=\"container\" data-settings=\"{&quot;jet_parallax_layout_list&quot;:[]}\">\n\t\t\t\t\t<div class=\"e-con-inner\">\n\t\t<div class=\"elementor-element elementor-element-9289b98 e-flex e-con-boxed e-con e-parent\" data-id=\"9289b98\" data-element_type=\"container\" data-e-type=\"container\" data-settings=\"{&quot;jet_parallax_layout_list&quot;:[]}\">\n\t\t\t\t\t<div class=\"e-con-inner\">\n\t\t\t\t<div class=\"elementor-element elementor-element-97e88aa elementor-widget elementor-widget-text-editor\" data-id=\"97e88aa\" data-element_type=\"widget\" data-e-type=\"widget\" data-widget_type=\"text-editor.default\">\n\t\t\t\t<div class=\"elementor-widget-container\">\n\t\t\t\t\t\t\t\t\t<p><strong>Arquitecto titulado en la Escuela T\u00e9cnica Superior de Arquitectura de Valladolid, y desde 1999 trabajo en mi propio estudio.<\/strong><\/p>\t\t\t\t\t\t\t\t<\/div>\n\t\t\t\t<\/div>\n\t\t\t\t<div class=\"elementor-element elementor-element-fe965ad elementor-widget elementor-widget-text-editor\" data-id=\"fe965ad\" data-element_type=\"widget\" data-e-type=\"widget\" data-widget_type=\"text-editor.default\">\n\t\t\t\t<div class=\"elementor-widget-container\">\n\t\t\t\t\t\t\t\t\tComo arquitecto al frente de mi propio estudio, me dedico a adaptar mi apoyo a las necesidades de mis clientes, as\u00ed como de los usuarios y beneficiarios de los proyectos, con el objetivo de obtener el m\u00e1ximo rendimiento dentro de los presupuestos disponibles.\n\t\t\t\t\t\t\t\t<\/div>\n\t\t\t\t<\/div>\n\t\t\t\t<div class=\"elementor-element elementor-element-cac2790 elementor-widget elementor-widget-text-editor\" data-id=\"cac2790\" data-element_type=\"widget\" data-e-type=\"widget\" data-widget_type=\"text-editor.default\">\n\t\t\t\t<div class=\"elementor-widget-container\">\n\t\t\t\t\t\t\t\t\tEn mi enfoque arquitect\u00f3nico, busco enriquecer los proyectos y las direcciones de obra a trav\u00e9s de diferentes aproximaciones:\n\t\t\t\t\t\t\t\t<\/div>\n\t\t\t\t<\/div>\n\t\t\t\t<div class=\"elementor-element elementor-element-0b169ad elementor-widget elementor-widget-text-editor\" data-id=\"0b169ad\" data-element_type=\"widget\" data-e-type=\"widget\" data-widget_type=\"text-editor.default\">\n\t\t\t\t<div class=\"elementor-widget-container\">\n\t\t\t\t\t\t\t\t\t<p><span style=\"color: #000000;\"><strong>Desarrollo y trabajo en un entorno multicultural:<\/strong><\/span><\/p>\t\t\t\t\t\t\t\t<\/div>\n\t\t\t\t<\/div>\n\t\t\t\t<div class=\"elementor-element elementor-element-b764116 elementor-widget elementor-widget-text-editor\" data-id=\"b764116\" data-element_type=\"widget\" data-e-type=\"widget\" data-widget_type=\"text-editor.default\">\n\t\t\t\t<div class=\"elementor-widget-container\">\n\t\t\t\t\t\t\t\t\t<p>Cuento con una amplia experiencia y formaci\u00f3n en proyectos de cooperaci\u00f3n al desarrollo y arquitectura en pa\u00edses en v\u00edas de desarrollo. Durante los \u00faltimos 20 a\u00f1os, he sido miembro de Arquitectos Sin Fronteras de Castilla y Le\u00f3n (ASFCyL).<\/p>\t\t\t\t\t\t\t\t<\/div>\n\t\t\t\t<\/div>\n\t\t\t\t<div class=\"elementor-element elementor-element-b27678d elementor-widget elementor-widget-text-editor\" data-id=\"b27678d\" data-element_type=\"widget\" data-e-type=\"widget\" data-widget_type=\"text-editor.default\">\n\t\t\t\t<div class=\"elementor-widget-container\">\n\t\t\t\t\t\t\t\t\t<p><span style=\"color: #000000;\"><strong>Enfoque multidisciplinario en la ejecuci\u00f3n de obras:<\/strong><\/span><\/p>\t\t\t\t\t\t\t\t<\/div>\n\t\t\t\t<\/div>\n\t\t\t\t<div class=\"elementor-element elementor-element-123d52f elementor-widget elementor-widget-text-editor\" data-id=\"123d52f\" data-element_type=\"widget\" data-e-type=\"widget\" data-widget_type=\"text-editor.default\">\n\t\t\t\t<div class=\"elementor-widget-container\">\n\t\t\t\t\t\t\t\t\t<p>A trav\u00e9s de mi experiencia como formador de aprendices en oficios de la construcci\u00f3n, he adquirido un punto de vista integral en la materializaci\u00f3n de los proyectos.<\/p>\t\t\t\t\t\t\t\t<\/div>\n\t\t\t\t<\/div>\n\t\t\t\t<div class=\"elementor-element elementor-element-6f2c7fe elementor-widget elementor-widget-text-editor\" data-id=\"6f2c7fe\" data-element_type=\"widget\" data-e-type=\"widget\" data-widget_type=\"text-editor.default\">\n\t\t\t\t<div class=\"elementor-widget-container\">\n\t\t\t\t\t\t\t\t\t<p><span style=\"color: #000000;\"><strong>Aplicaci\u00f3n beneficiosa de Sistemas Alternativs de Resoluci\u00f3n de Conflictos (ADR):<\/strong><\/span><\/p>\t\t\t\t\t\t\t\t<\/div>\n\t\t\t\t<\/div>\n\t\t\t\t<div class=\"elementor-element elementor-element-1dc72f2 elementor-widget elementor-widget-text-editor\" data-id=\"1dc72f2\" data-element_type=\"widget\" data-e-type=\"widget\" data-widget_type=\"text-editor.default\">\n\t\t\t\t<div class=\"elementor-widget-container\">\n\t\t\t\t\t\t\t\t\t<p>En el \u00e1mbito de la arquitectura y construcci\u00f3n, utilizo mecanismos de resoluci\u00f3n amistosa de controversias que, adem\u00e1s de proteger los intereses de mis clientes, promueven una soluci\u00f3n armoniosa en los proyectos y obras.<\/p>\t\t\t\t\t\t\t\t<\/div>\n\t\t\t\t<\/div>\n\t\t\t\t<div class=\"elementor-element elementor-element-ec49aa7 elementor-widget elementor-widget-text-editor\" data-id=\"ec49aa7\" data-element_type=\"widget\" data-e-type=\"widget\" data-widget_type=\"text-editor.default\">\n\t\t\t\t<div class=\"elementor-widget-container\">\n\t\t\t\t\t\t\t\t\tEn mi estudio, siempre priorizo la colaboraci\u00f3n y cooperaci\u00f3n tanto con otros profesionales como con los propios clientes. Los proyectos y obras requieren un trabajo en equipo constante, involucrando a arquitectos, ingenieros, top\u00f3grafos, ge\u00f3grafos, abogados, entre otros.\t\t\t\t\t\t\t\t<\/div>\n\t\t\t\t<\/div>\n\t\t\t\t<div class=\"elementor-element elementor-element-48b4eca elementor-widget elementor-widget-text-editor\" data-id=\"48b4eca\" data-element_type=\"widget\" data-e-type=\"widget\" data-widget_type=\"text-editor.default\">\n\t\t\t\t<div class=\"elementor-widget-container\">\n\t\t\t\t\t\t\t\t\tGracias a mi experiencia y formaci\u00f3n, tengo la capacidad de pensar, redactar y emprender proyectos en diferentes pa\u00edses, partiendo desde la base de mi estudio de arquitectura en Espa\u00f1a. Adem\u00e1s, cuento con la habilidad de buscar financiamiento externo, ya sea a trav\u00e9s de la Uni\u00f3n Europea, el Banco Mundial o las Naciones Unidas, lo cual representa un recurso fundamental en estos casos.\t\t\t\t\t\t\t\t<\/div>\n\t\t\t\t<\/div>\n\t\t\t\t\t<\/div>\n\t\t\t\t<\/div>\n\t\t\t\t\t<\/div>\n\t\t\t\t<\/div>\n\t\t\t\t<\/div>\n\t\t","protected":false},"excerpt":{"rendered":"<p>Arquitecto titulado en la Escuela T\u00e9cnica Superior de Arquitectura de Valladolid, y desde 1999 trabajo en mi propio estudio. Como arquitecto al frente de mi propio estudio, me dedico a adaptar mi apoyo a las necesidades de mis clientes, as\u00ed como de los usuarios y beneficiarios de los proyectos, con el objetivo de obtener el [&hellip;]<\/p>\n","protected":false},"author":2,"featured_media":0,"parent":0,"menu_order":0,"comment_status":"closed","ping_status":"closed","template":"","meta":{"footnotes":""},"class_list":["post-32","page","type-page","status-publish","hentry"],"yoast_head":"<!-- This site is optimized with the Yoast SEO plugin v26.9 - https:\/\/yoast.com\/product\/yoast-seo-wordpress\/ -->\n<title>El Estudio - Cecilio Torres Arquitecto<\/title>\n<meta name=\"robots\" content=\"index, follow, max-snippet:-1, max-image-preview:large, max-video-preview:-1\" \/>\n<link rel=\"canonical\" href=\"https:\/\/ceciliotorresarquitecto.es\/index.php\/el-estudio\/\" \/>\n<meta property=\"og:locale\" content=\"es_ES\" \/>\n<meta property=\"og:type\" content=\"article\" \/>\n<meta property=\"og:title\" content=\"El Estudio - Cecilio Torres Arquitecto\" \/>\n<meta property=\"og:description\" content=\"Arquitecto titulado en la Escuela T\u00e9cnica Superior de Arquitectura de Valladolid, y desde 1999 trabajo en mi propio estudio. Como arquitecto al frente de mi propio estudio, me dedico a adaptar mi apoyo a las necesidades de mis clientes, as\u00ed como de los usuarios y beneficiarios de los proyectos, con el objetivo de obtener el [&hellip;]\" \/>\n<meta property=\"og:url\" content=\"https:\/\/ceciliotorresarquitecto.es\/index.php\/el-estudio\/\" \/>\n<meta property=\"og:site_name\" content=\"Cecilio Torres Arquitecto\" \/>\n<meta property=\"article:modified_time\" content=\"2023-08-01T15:55:09+00:00\" \/>\n<meta property=\"og:image\" content=\"https:\/\/ceciliotorresarquitecto.es\/wp-content\/uploads\/2023\/08\/cecilio-torres.jpg\" \/>\n<meta name=\"twitter:card\" content=\"summary_large_image\" \/>\n<meta name=\"twitter:label1\" content=\"Tiempo de lectura\" \/>\n\t<meta name=\"twitter:data1\" content=\"2 minutos\" \/>\n<script type=\"application\/ld+json\" class=\"yoast-schema-graph\">{\"@context\":\"https:\/\/schema.org\",\"@graph\":[{\"@type\":\"WebPage\",\"@id\":\"https:\/\/ceciliotorresarquitecto.es\/index.php\/el-estudio\/\",\"url\":\"https:\/\/ceciliotorresarquitecto.es\/index.php\/el-estudio\/\",\"name\":\"El Estudio - Cecilio Torres Arquitecto\",\"isPartOf\":{\"@id\":\"https:\/\/ceciliotorresarquitecto.es\/#website\"},\"primaryImageOfPage\":{\"@id\":\"https:\/\/ceciliotorresarquitecto.es\/index.php\/el-estudio\/#primaryimage\"},\"image\":{\"@id\":\"https:\/\/ceciliotorresarquitecto.es\/index.php\/el-estudio\/#primaryimage\"},\"thumbnailUrl\":\"https:\/\/ceciliotorresarquitecto.es\/wp-content\/uploads\/2023\/08\/cecilio-torres.jpg\",\"datePublished\":\"2023-07-17T10:39:53+00:00\",\"dateModified\":\"2023-08-01T15:55:09+00:00\",\"breadcrumb\":{\"@id\":\"https:\/\/ceciliotorresarquitecto.es\/index.php\/el-estudio\/#breadcrumb\"},\"inLanguage\":\"es\",\"potentialAction\":[{\"@type\":\"ReadAction\",\"target\":[\"https:\/\/ceciliotorresarquitecto.es\/index.php\/el-estudio\/\"]}]},{\"@type\":\"ImageObject\",\"inLanguage\":\"es\",\"@id\":\"https:\/\/ceciliotorresarquitecto.es\/index.php\/el-estudio\/#primaryimage\",\"url\":\"https:\/\/ceciliotorresarquitecto.es\/wp-content\/uploads\/2023\/08\/cecilio-torres.jpg\",\"contentUrl\":\"https:\/\/ceciliotorresarquitecto.es\/wp-content\/uploads\/2023\/08\/cecilio-torres.jpg\",\"width\":283,\"height\":283},{\"@type\":\"BreadcrumbList\",\"@id\":\"https:\/\/ceciliotorresarquitecto.es\/index.php\/el-estudio\/#breadcrumb\",\"itemListElement\":[{\"@type\":\"ListItem\",\"position\":1,\"name\":\"Home\",\"item\":\"https:\/\/ceciliotorresarquitecto.es\/\"},{\"@type\":\"ListItem\",\"position\":2,\"name\":\"El Estudio\"}]},{\"@type\":\"WebSite\",\"@id\":\"https:\/\/ceciliotorresarquitecto.es\/#website\",\"url\":\"https:\/\/ceciliotorresarquitecto.es\/\",\"name\":\"Cecilio Torres Arquitecto\",\"description\":\"Valladolid\",\"publisher\":{\"@id\":\"https:\/\/ceciliotorresarquitecto.es\/#organization\"},\"potentialAction\":[{\"@type\":\"SearchAction\",\"target\":{\"@type\":\"EntryPoint\",\"urlTemplate\":\"https:\/\/ceciliotorresarquitecto.es\/?s={search_term_string}\"},\"query-input\":{\"@type\":\"PropertyValueSpecification\",\"valueRequired\":true,\"valueName\":\"search_term_string\"}}],\"inLanguage\":\"es\"},{\"@type\":\"Organization\",\"@id\":\"https:\/\/ceciliotorresarquitecto.es\/#organization\",\"name\":\"Cecilio Torres Arquitecto\",\"url\":\"https:\/\/ceciliotorresarquitecto.es\/\",\"logo\":{\"@type\":\"ImageObject\",\"inLanguage\":\"es\",\"@id\":\"https:\/\/ceciliotorresarquitecto.es\/#\/schema\/logo\/image\/\",\"url\":\"https:\/\/ceciliotorresarquitecto.es\/wp-content\/uploads\/2023\/07\/cecilio-torres-logo.png\",\"contentUrl\":\"https:\/\/ceciliotorresarquitecto.es\/wp-content\/uploads\/2023\/07\/cecilio-torres-logo.png\",\"width\":1212,\"height\":1199,\"caption\":\"Cecilio Torres Arquitecto\"},\"image\":{\"@id\":\"https:\/\/ceciliotorresarquitecto.es\/#\/schema\/logo\/image\/\"}}]}<\/script>\n<!-- \/ Yoast SEO plugin. -->","yoast_head_json":{"title":"El Estudio - Cecilio Torres Arquitecto","robots":{"index":"index","follow":"follow","max-snippet":"max-snippet:-1","max-image-preview":"max-image-preview:large","max-video-preview":"max-video-preview:-1"},"canonical":"https:\/\/ceciliotorresarquitecto.es\/index.php\/el-estudio\/","og_locale":"es_ES","og_type":"article","og_title":"El Estudio - Cecilio Torres Arquitecto","og_description":"Arquitecto titulado en la Escuela T\u00e9cnica Superior de Arquitectura de Valladolid, y desde 1999 trabajo en mi propio estudio. Como arquitecto al frente de mi propio estudio, me dedico a adaptar mi apoyo a las necesidades de mis clientes, as\u00ed como de los usuarios y beneficiarios de los proyectos, con el objetivo de obtener el [&hellip;]","og_url":"https:\/\/ceciliotorresarquitecto.es\/index.php\/el-estudio\/","og_site_name":"Cecilio Torres Arquitecto","article_modified_time":"2023-08-01T15:55:09+00:00","og_image":[{"url":"https:\/\/ceciliotorresarquitecto.es\/wp-content\/uploads\/2023\/08\/cecilio-torres.jpg","type":"","width":"","height":""}],"twitter_card":"summary_large_image","twitter_misc":{"Tiempo de lectura":"2 minutos"},"schema":{"@context":"https:\/\/schema.org","@graph":[{"@type":"WebPage","@id":"https:\/\/ceciliotorresarquitecto.es\/index.php\/el-estudio\/","url":"https:\/\/ceciliotorresarquitecto.es\/index.php\/el-estudio\/","name":"El Estudio - Cecilio Torres Arquitecto","isPartOf":{"@id":"https:\/\/ceciliotorresarquitecto.es\/#website"},"primaryImageOfPage":{"@id":"https:\/\/ceciliotorresarquitecto.es\/index.php\/el-estudio\/#primaryimage"},"image":{"@id":"https:\/\/ceciliotorresarquitecto.es\/index.php\/el-estudio\/#primaryimage"},"thumbnailUrl":"https:\/\/ceciliotorresarquitecto.es\/wp-content\/uploads\/2023\/08\/cecilio-torres.jpg","datePublished":"2023-07-17T10:39:53+00:00","dateModified":"2023-08-01T15:55:09+00:00","breadcrumb":{"@id":"https:\/\/ceciliotorresarquitecto.es\/index.php\/el-estudio\/#breadcrumb"},"inLanguage":"es","potentialAction":[{"@type":"ReadAction","target":["https:\/\/ceciliotorresarquitecto.es\/index.php\/el-estudio\/"]}]},{"@type":"ImageObject","inLanguage":"es","@id":"https:\/\/ceciliotorresarquitecto.es\/index.php\/el-estudio\/#primaryimage","url":"https:\/\/ceciliotorresarquitecto.es\/wp-content\/uploads\/2023\/08\/cecilio-torres.jpg","contentUrl":"https:\/\/ceciliotorresarquitecto.es\/wp-content\/uploads\/2023\/08\/cecilio-torres.jpg","width":283,"height":283},{"@type":"BreadcrumbList","@id":"https:\/\/ceciliotorresarquitecto.es\/index.php\/el-estudio\/#breadcrumb","itemListElement":[{"@type":"ListItem","position":1,"name":"Home","item":"https:\/\/ceciliotorresarquitecto.es\/"},{"@type":"ListItem","position":2,"name":"El Estudio"}]},{"@type":"WebSite","@id":"https:\/\/ceciliotorresarquitecto.es\/#website","url":"https:\/\/ceciliotorresarquitecto.es\/","name":"Cecilio Torres Arquitecto","description":"Valladolid","publisher":{"@id":"https:\/\/ceciliotorresarquitecto.es\/#organization"},"potentialAction":[{"@type":"SearchAction","target":{"@type":"EntryPoint","urlTemplate":"https:\/\/ceciliotorresarquitecto.es\/?s={search_term_string}"},"query-input":{"@type":"PropertyValueSpecification","valueRequired":true,"valueName":"search_term_string"}}],"inLanguage":"es"},{"@type":"Organization","@id":"https:\/\/ceciliotorresarquitecto.es\/#organization","name":"Cecilio Torres Arquitecto","url":"https:\/\/ceciliotorresarquitecto.es\/","logo":{"@type":"ImageObject","inLanguage":"es","@id":"https:\/\/ceciliotorresarquitecto.es\/#\/schema\/logo\/image\/","url":"https:\/\/ceciliotorresarquitecto.es\/wp-content\/uploads\/2023\/07\/cecilio-torres-logo.png","contentUrl":"https:\/\/ceciliotorresarquitecto.es\/wp-content\/uploads\/2023\/07\/cecilio-torres-logo.png","width":1212,"height":1199,"caption":"Cecilio Torres Arquitecto"},"image":{"@id":"https:\/\/ceciliotorresarquitecto.es\/#\/schema\/logo\/image\/"}}]}},"_links":{"self":[{"href":"https:\/\/ceciliotorresarquitecto.es\/index.php\/wp-json\/wp\/v2\/pages\/32","targetHints":{"allow":["GET"]}}],"collection":[{"href":"https:\/\/ceciliotorresarquitecto.es\/index.php\/wp-json\/wp\/v2\/pages"}],"about":[{"href":"https:\/\/ceciliotorresarquitecto.es\/index.php\/wp-json\/wp\/v2\/types\/page"}],"author":[{"embeddable":true,"href":"https:\/\/ceciliotorresarquitecto.es\/index.php\/wp-json\/wp\/v2\/users\/2"}],"replies":[{"embeddable":true,"href":"https:\/\/ceciliotorresarquitecto.es\/index.php\/wp-json\/wp\/v2\/comments?post=32"}],"version-history":[{"count":10,"href":"https:\/\/ceciliotorresarquitecto.es\/index.php\/wp-json\/wp\/v2\/pages\/32\/revisions"}],"predecessor-version":[{"id":605,"href":"https:\/\/ceciliotorresarquitecto.es\/index.php\/wp-json\/wp\/v2\/pages\/32\/revisions\/605"}],"wp:attachment":[{"href":"https:\/\/ceciliotorresarquitecto.es\/index.php\/wp-json\/wp\/v2\/media?parent=32"}],"curies":[{"name":"wp","href":"https:\/\/api.w.org\/{rel}","templated":true}]}}